{"id":2,"date":"2021-03-24T13:15:45","date_gmt":"2021-03-24T12:15:45","guid":{"rendered":"http:\/\/localhost\/pgenergy\/?page_id=2"},"modified":"2022-04-15T17:12:08","modified_gmt":"2022-04-15T15:12:08","slug":"index","status":"publish","type":"page","link":"https:\/\/pgenergy.pl\/en\/","title":{"rendered":"index"},"content":{"rendered":"<section>\r\n        <header class=\"py-4 d-flex align-items-center\" style=\"background-color : rgba(42, 77, 114, 0.5);\">\r\n            <nav>\r\n                <img decoding=\"async\" src=\"\/wp-content\/uploads\/assets\/logo.png\" alt=\"logo\" class=\"nav__logo\" \/>\r\n                <ul>\r\n                    <li onclick=\"document.getElementsByClassName('second-section')[0].scrollIntoView({ behavior: 'smooth' })\">WHO WE ARE?<\/li>\r\n                    <li onclick=\"document.getElementsByClassName('third-section')[0].scrollIntoView({ behavior: 'smooth' })\">PEOPLE<\/li>\r\n                    <li onclick=\"document.getElementsByClassName('section-fourth')[0].scrollIntoView({ behavior: 'smooth' })\">COMPANIES<\/li>\r\n                    <li onclick=\"document.getElementsByClassName('section-fifth')[0].scrollIntoView({ behavior: 'smooth' })\">CONTACT<\/li>\r\n                    <li>\r\n                        <a href=\"\/\" class=\"text-white text-decoration-none\">\r\n                            <img decoding=\"async\" src=\"\/wp-content\/uploads\/assets\/pl.png\" style=\"margin-top: -2px;\" alt=\"language\"\/> PL\r\n                        <\/a>\r\n                    <\/li>\r\n                <\/ul>\r\n            <\/nav>\r\n        <\/header>\r\n        <div>\r\n            <img decoding=\"async\" src=\"\/wp-content\/uploads\/assets\/image1.webp\" alt=\"zdj\u0119cie w tle\" class=\"asset-image\" \/>\r\n        <\/div>\r\n    <\/section>\r\n    \r\n    <section class=\"position-relative second-section\">\r\n        <header class=\"py-5\" style=\"background-color : rgba(42, 77, 114, 0.9); z-index: 1;\">\r\n            <div class=\"d-flex flex-column align-items-center\">\r\n                <div class=\"section__title\">WHO WE ARE?<\/div>\r\n                <div class=\"text-center font-rli my-4\" style=\"letter-spacing: 5px; font-size: 20px;\">\r\n                    <div>\u201eWe build a company based on<\/div>\r\n                    <div>entrepreneurship and creativity.\u201d<\/div>\r\n                <\/div>\r\n                <div class=\"header__label-bar\">~Pawe\u0142 Gricuk<\/div>\r\n            <\/div>\r\n        <\/header>\r\n        <div class=\"position-relative d-flex align-items-center justify-content-center\">\r\n            <img decoding=\"async\" src=\"\/wp-content\/uploads\/assets\/image2.webp\" alt=\"zdj\u0119cie w tle\" class=\"asset-image asset2\" \/>\r\n            <div class=\"second-section__cards-wrapper\">\r\n                <div class=\"second-section__cards\">\r\n                    <div class=\"second-section__cards-first\">\r\n                        PG Energy Capital Management is an investment holding company, with focus on the industrial sector and power engineering.\r\n\r\n                                The companies belonging to the PG Energy group have achieved success thanks to the people, who create them. PG Energy works with highly qualified and experienced teams of engineers, financiers and industry experts. The high management standards have enabled the company to perform entrusted contracts and maintain the highest level of management.\r\n                            \r\n                        <hr style=\"background: var(--primary-color); margin-right: 15px;\" \/>\r\n                        PG Energy is the majority shareholder of Elektromonta\u017c Pozna\u0144 S.A, which was founded on 11th September 2019 through the merging of two companies belonging to PG Energy: PG Energetyka Sp. z.o.o based in Radom, and Elektromonta\u017c Pozna\u0144 S.A, the leader of the electro-energy industry. For many years, Elektromonta\u017c Pozna\u0144 S.A. has been the leading supplier of electrical installation services as well as producer of electro-energy equipment in Poland. BNP Paribas is the\r\n                        <span class=\"d-none\">minority financial investor of the company.<\/span>\r\n                        \r\n                        <div class=\"read-more__wrapper\">\r\n                            <button class=\"read-more__button\">READ MORE<\/button>\r\n                        <\/div>\r\n                    <\/div>\r\n                    <div class=\"second-section__cards-second\">\r\n                        PG Energy also possesses operative and financial control of CoalTech Poland Sp. z.o.o. It is a joint venture with CoalTech LTD, a British company with headquarters in London. The company is in possession of CoalTech technology, which was developed and implemented in South Africa. CoalTech Poland\u2019s aim is, firstly in Poland, to achieve the production of solid ecological fuel, which is created from refuse coal screenings that remain in the majority of coal mines. Presently, the CoalTech pellets are being commercially produced in mines in South Africa.\r\n                        <span class=\"d-none\">\r\n                            <div class=\"mb-3\">\r\n                                PG Energy has continually been involved in acquisition activity. Future investments are meant to compliment what the group has to offer and broaden its reach in the energy sector. \r\n                            <\/div>\r\n                        <\/span>\r\n                        \r\n                        <div class=\"read-more__wrapper\">\r\n                            <button class=\"read-more__button\" style=\"background-color: var(--accent-color)!important;\">READ MORE<\/button>\r\n                        <\/div>\r\n                    <\/div>\r\n                <\/div>\r\n            <\/div>\r\n        <\/div>\r\n        <header class=\"py-3\" style=\"bottom: 0; background-color : rgba(42, 77, 114, 0.9); z-index: 0;\">\r\n            <div class=\"d-flex flex-column align-items-center\">\r\n                <div class=\"section__title mt-3\">COOPERATION<\/div>\r\n                <div class=\"text-center my-5 font-rm section-cooperation__description\" style=\"font-size: 18px;\">\r\n                    <div>If you are interested in cooperating with the PG Energy Group or<\/div>\r\n                    <div>you need any information that interests you, please contact us.<\/div>\r\n                <\/div>\r\n                <div class=\"header__label-bar\" onclick=\"document.getElementsByClassName('section-fifth')[0].scrollIntoView()\">CONTACT<\/div>\r\n            <\/div>\r\n        <\/header>\r\n    <\/section>\r\n\r\n    <section class=\"third-section d-flex flex-column align-items-center\">\r\n        <div class=\"section__title my-5 py-1\">PEOPLE<\/div>\r\n        <div class=\"position-relative d-flex flex-column justify-content-center align-items-center\">\r\n            <img decoding=\"async\" src=\"\/wp-content\/uploads\/assets\/image3.webp\" alt=\"zdj\u0119cie w tle\" class=\"asset-image asset3\" style=\"width: 100vw\" \/>\r\n            <div class=\"owner-introduction\">\r\n                <img decoding=\"async\" src=\"\/wp-content\/uploads\/assets\/pawel_gricuk.png\" alt=\"Pawe\u0142 Gricuk\"\/>\r\n                <div>\r\n                    <div class=\"owner-introduction__name\">Pawe\u0142 Gricuk &#8211; The Founder<\/div>\r\n                    <div class=\"owner-introduction__text\">\r\n                        <div class=\"mb-3\">\r\n                            The founder of PG Energy Capital Management (\u201cPG Energy\u201d) has over twenty five years of experience in the finance and energy sectors, which he acquired in both Polish and international companies.\r\n                        <\/div>\r\n                        <div class=\"mb-3\">\r\n                            From 1993 to 2005 he worked at J.P. Morgan in London and was the president of J.P. Morgan Chase Bank in Warsaw (2001-2005). While in London, he was responsible for organising financing on international capital markets. He was also a member of the JP Morgan Capital team, which was directly responsible for investing in Central and Eastern Europe, as well as the Middle East and Africa. Throughout his career in investment banking, Pawe\u0142 Gricuk organised a total of over $14 billion worth of financing for governments and companies in Europe. In Poland, among other things, he was responsible for the financing and stock exchange debut of TVN S.A and the capital investment of J.P. Morgan in Bank Handlowy in Warsaw.\r\n                        <\/div>\r\n                        \r\n                        <span class=\"d-none\">\r\n                            <div class=\"mb-3\">\r\n                                After twelve years at J.P. Morgan,. in collaboration with Mid-Europa fund he acquired the company Wheelbrator Inc. in Denver, a world producer of machines for polishing steel surfaces.\r\n                            <\/div>\r\n                            <div class=\"mb-3\">\r\n                               Between 2007 and 2010, Gricuk held the position of Chairman of the Board of Petrolinvest S.A, the first Polish upstream company, which was engaged in oil exploration in Kazakhstan and Russia.\r\n                            <\/div>\r\n                            <div>\r\n                                He was a member of the board of directors of Wheelbrator Inc. Starting in 2005 and for ten consecutive terms he was a member of the supervisory board of TVN S.A, and in 2014-2015 he was a member of the supervisory board of Tele-Fonika Kable S.A, where he was responsible for the restructuring of the company\u2019s 1,4 billion zloty debt.\r\n                                From 2013 to 2018 he was the chairman of the Polish Development Fund investment committee and a member of the Infrastructure Investment Fund committee. From 2015 to 2016 he was a member of the board of supervisors for Parady\u017c S.A and is currently a member of the supervisory board of Eques TFI S.A.\r\n                                In 2012 he acquired Trans-Energo S.A., a specialized engineering company providing services for power stations and telecommunication firms. After restructuring, the company changed its name to PG Energetyka.\r\n                                In 2017 he set up CoalTech Poland, a joint-venture with the London-based company Clean Africa Investment. \u2013 CoalTech Poland Sp. z o.o.\r\n                                In 2018 he purchased 98.6% of shares of Elektromonta\u017c Pozna\u0144 S.A.\r\n                                Pawe\u0142 Gricuk graduated with a degree in Foreign Trade from the Socio-economic Department of the University of Lodz. He studied for a year at Beijing Foreign Studies University. He is fluent in English and Russian and has elementary knowledge of German and Chinese.\r\n                            <\/div>\r\n                        <\/span>\r\n\r\n                        \r\n                        <div class=\"read-more__wrapper\">\r\n                            <button class=\"read-more__button__owner-introduction\">READ MORE<\/button>\r\n                        <\/div>\r\n                    <\/div>\r\n                <\/div>\r\n            <\/div>\r\n        <\/div>\r\n    <\/section>\r\n\r\n    <section class=\"section-fourth d-flex flex-column align-items-center\">\r\n        <div class=\"section__title text-center my-5\">COMPANIES OF THE PG ENERGY CAPITAL GROUP<\/div>\r\n        <div class=\"d-flex justify-content-center align-items-center flex-column\">\r\n            <div class=\"d-flex flex-wrap justify-content-center\">\r\n                <div class=\"section-fourth__block position-relative flex-row justify-content-center\">\r\n                    <img decoding=\"async\" src=\"\/wp-content\/uploads\/assets\/image4.webp\" alt=\"zdj\u0119cie w tle\" class=\"w-100\" \/>\r\n                    <img decoding=\"async\" src=\"\/wp-content\/uploads\/assets\/logo3.png\" alt=\"logo\" class=\"position-absolute\" style=\"height: unset; width: 80%\" \/>\r\n                    <div class=\"section-fourth__block-link\" style=\"background-color: var(--primary-color);\">\r\n                        <a href=\"https:\/\/elektromontaz.com\">www.elektromontazpoznan.com<\/a>\r\n                    <\/div>\r\n                <\/div>\r\n                <div class=\"section-fourth__block\">\r\n                    <div class=\"section__title text-center my-4\" style=\"color: var(--primary-color)\">ELEKTROMONTA\u017b POZNA\u0143 S.A<\/div>\r\n                    <div class=\"font-rt p-1 px-md-5\" style=\"background-color: #eee; z-index: 1;\">\r\n                        <div class=\"mb-3\">\r\n                            The company\u2019s current shape and name date back to 11th September 2019 when the merging of PG Energetyka and Elektromonta\u017c Ponza\u0144, the leader in the electro installations sector, was officially registered.\r\n                        <\/div>\r\n                        <div>\r\n                            The origins of this company go way back to 1949 when it was just a field unit of the Wroclaw-based Electroinstallation Unit. Exactly ten years later, Elektromonta\u017c Pozna\u0144 the independent company Elektromonta\u017c Pozna\u0144 came to life. Thus, in 2019 the company is celebrating two major anniversaries. Over the years, Elektromonta\u017c Poznan has completed numerous projects.\r\nThe company has participated in the building of factories and plants that play a part in Polish history: Cegielski, Fabryka \u0141o\u017cysk Tocznych, Stilon and Ursus, Zastal, Elana, Chemical Plant in Police. In the 70s, Elektromonta\u017c began to successfully conquer international markets. It has participated in projects in the Middle and Far East, Africa, as well as Europe, in Germany, Austria, Switzerland, Czech Republic and present-day Ukraine and Russia.\r\n                        <\/div>\r\n                        <span class=\"d-none\" style=\"background: #eee; z-index: 10;\">\r\n                            <div class=\"mb-3\">\r\n                                The joint venture has a team of professionals with years of experience and the required certifications to perform contracts in the industrial, energy and telecommunications sectors. Project teams use new technologies, which builds a competitive advantage.\r\n                            <\/div>\r\n                            <div>\r\n                                Elektromonta\u017c Pozna\u0144 implements projects in the field of:\r\n                                \u2022\tElectric and mechanical installation\r\n                                \u2022\tInstallation design\r\n                                \u2022\tDelivery of electric equipment\r\n                                \u2022\tEnergy and power infrastructure\r\n                                \u2022\tCable lines and energy distribution\r\n                                \u2022\tProduction of low and medium voltage switchgear and transformer substations\r\n                                \u2022\tIndustrial and environmental engineering\r\n                                \u2022\tGeneral contracting\r\n                                \u2022\tTransport\r\n                                Elektromonta\u017c Pozna\u0144 is proud to present excellent references as well as management certificates of management systems ISO 9001, ISO 14001, ISO 27001, AQAP 2110.\r\n                            <\/div>\r\n                        <\/span>\r\n                        \r\n                        <div class=\"read-more__wrapper\">\r\n                            <button class=\"read-more__button\">READ MORE<\/button>\r\n                        <\/div>\r\n                    <\/div>\r\n                <\/div>\r\n            <\/div>\r\n            <div class=\"d-flex flex-wrap justify-content-center\">\r\n                <div class=\"section-fourth__block\">\r\n                    <div class=\"section__title text-center my-4\" style=\"color: var(--primary-color)\">COALTECH POLAND SP.ZO.O.<\/div>\r\n                    <div class=\"p-1 px-md-5 font-rli\">\r\n                        <div class=\"mb-3\">\r\n                            Coaltech Poland Sp. z.o.o is a joint venture of PG Energy and the British company Clean Invest Africa, which made its debut on the London Stock Exchange in 2018. The British company is the owner of CoalTech technology, which was devised and implemented in South Africa with the backing of capital from Bahrain.\r\n                        <\/div>\r\n                        <div>\r\n                            The company\u2019s core business is the production of solid ecological fuel (pellets\/granulate), which is created from coal dust, the production waste deposited near each coal mine. The fine heaps remaining in the mines have had a negative impact on the environment. The patented technology allows the waste to be changed into coal pellets, which are fit for commercial and industrial use.\r\n                        <\/div>\r\n                    <\/div>\r\n                <\/div>\r\n                <div class=\"section-fourth__block position-relative flex-row justify-content-center\">\r\n                    <img decoding=\"async\" src=\"\/wp-content\/uploads\/assets\/image5.webp\" alt=\"zdj\u0119cie w tle\" class=\"w-100\" \/>\r\n                    <img decoding=\"async\" src=\"\/wp-content\/uploads\/assets\/logo2.png\" alt=\"logo\" class=\"position-absolute\" style=\"height: unset; width: 80%\" \/>\r\n                    <div class=\"section-fourth__block-link\" style=\"background-color: var(--accent-color)\">\r\n                        <a href=\"www.coaltechenergy.com\">www.coaltechenergy.com<\/a>\r\n                    <\/div>\r\n                <\/div>\r\n            <\/div>\r\n        <\/div>\r\n    <\/section>\r\n\r\n    <section class=\"position-relative mt-5 section-fifth\">\r\n        <header class=\"d-flex justify-content-center p-4\" style=\"background-color: rgba(42, 77, 114, 0.6)\">\r\n            <div class=\"section__title text-center my-4\">CONTACT WITH PG ENERGY<\/div>\r\n        <\/header>\r\n        <div class=\"h-100 w-100 d-flex justify-content-center align-items-center\">\r\n            <img decoding=\"async\" src=\"\/wp-content\/uploads\/assets\/image6.webp\" alt=\"zdj\u0119cie w tle\" class=\"w-100 asset6\" \/>\r\n            <div class=\"contact__block text-center\">\r\n                <div class=\"contact__block-item\" style=\"background-color: rgba(42, 77, 114, 0.8); height: 70px;\">PG ENERGY CAPITAL MANAGEMENT SP. Z O.O.<\/div>\r\n                <div class=\"contact__block-item bg-accent\">\r\n                    <div>TEL:<\/div>\r\n                    <div>\r\n                        <a href=\"tel:+48226261480\" class=\"text-white\">(+48) 22 626 14 80<\/a>\r\n                    <\/div>\r\n                <\/div>\r\n                <div class=\"contact__block-item\" style=\"background-color: rgba(42, 77, 114, 0.8)\">\r\n                    <div>ADDRESS:<\/div>\r\n                    <div class=\"mb-2\">\r\n                        <a href=\"https:\/\/goo.gl\/maps\/drrurjGYk7xkM3RP8\" class=\"text-white\">Koszykowa 59\/10<\/a>\r\n                    <\/div>\r\n                    <div>00-660 Warszawa, Poland<\/div>\r\n                <\/div>\r\n                <div class=\"contact__block-item bg-accent\">\r\n                    <div>E-MAIL<\/div>\r\n                    <div>\r\n                        <a href=\"mailto:biuro@pgenergy.pl\" class=\"text-white\">biuro@pgenergy.pl<\/a>\r\n                    <\/div>\r\n                <\/div>\r\n            <\/div>\r\n        <\/div>\r\n\r\n        <footer>\r\n            <img decoding=\"async\" src=\"\/wp-content\/uploads\/assets\/logo.png\" alt=\"logo\" \/>\r\n            <div class=\"mr-lg-5\">Copyrights 2021 PG ENERGY All Rights Reserved<\/div>\r\n        <\/footer>\r\n    <\/section>","protected":false},"excerpt":{"rendered":"WHO WE ARE? PEOPLE COMPANIES CONTACT PL WHO WE ARE? \u201eWe build a company based on entrepreneurship and creativity.\u201d ~Pawe\u0142 Gricuk PG Energy Capital Management is an investment holding company, with focus on the industrial sector and power engineering. The companies belonging to the PG Energy group have achieved success thanks to the people, who [&hellip;]","protected":false},"author":1,"featured_media":0,"parent":0,"menu_order":0,"comment_status":"closed","ping_status":"closed","template":"","meta":{"footnotes":""},"class_list":["post-2","page","type-page","status-publish","hentry"],"translation":{"provider":"WPGlobus","version":"2.7.1","language":"en","enabled_languages":["pl","en"],"languages":{"pl":{"title":true,"content":true,"excerpt":false},"en":{"title":false,"content":true,"excerpt":false}}},"_links":{"self":[{"href":"https:\/\/pgenergy.pl\/en\/wp-json\/wp\/v2\/pages\/2","targetHints":{"allow":["GET"]}}],"collection":[{"href":"https:\/\/pgenergy.pl\/en\/wp-json\/wp\/v2\/pages"}],"about":[{"href":"https:\/\/pgenergy.pl\/en\/wp-json\/wp\/v2\/types\/page"}],"author":[{"embeddable":true,"href":"https:\/\/pgenergy.pl\/en\/wp-json\/wp\/v2\/users\/1"}],"replies":[{"embeddable":true,"href":"https:\/\/pgenergy.pl\/en\/wp-json\/wp\/v2\/comments?post=2"}],"version-history":[{"count":72,"href":"https:\/\/pgenergy.pl\/en\/wp-json\/wp\/v2\/pages\/2\/revisions"}],"predecessor-version":[{"id":127,"href":"https:\/\/pgenergy.pl\/en\/wp-json\/wp\/v2\/pages\/2\/revisions\/127"}],"wp:attachment":[{"href":"https:\/\/pgenergy.pl\/en\/wp-json\/wp\/v2\/media?parent=2"}],"curies":[{"name":"wp","href":"https:\/\/api.w.org\/{rel}","templated":true}]}}